{"id":11081,"date":"2017-05-22T15:03:48","date_gmt":"2017-05-22T12:03:48","guid":{"rendered":"http:\/\/www.ridala.edu.ee\/wp\/?page_id=11081"},"modified":"2017-05-26T12:30:15","modified_gmt":"2017-05-26T09:30:15","slug":"ridala-pohikooli-iii-kooliolumpiamangud-luhiprogramm","status":"publish","type":"page","link":"https:\/\/www.ridala.edu.ee\/wp\/koolielu\/oppetoo\/projektid\/ridala-pohikooli-iii-olumpiamangud\/ridala-pohikooli-iii-kooliolumpiamangud-luhiprogramm\/","title":{"rendered":"Ridala P\u00f5hikooli III kooliol\u00fcmpiam\u00e4ngud (l\u00fchiprogramm)"},"content":{"rendered":"<div class=\"marg1\">\r\n<dt class=\"red\">EESM\u00c4RK:<\/dt>\r\n\t<dd><p>\u00d5ppida tundma ol\u00fcmpismi p\u00f5him\u00f5tteid ja neid j\u00e4rgides \u00f5ppida v\u00e4\u00e4rikalt v\u00f5itma ja kaotama. Tunda r\u00f5\u00f5mu sportlikust tegevusest ja koost\u00f6\u00f6st. Selgitada III kooliol\u00fcmpia v\u00f5itjad erinevates spordialades ja konkurssides.<\/p><\/dd>\r\n<\/div>\r\n\r\n<div class=\"marg1\">\r\n<dt class=\"red\">AEG ja MIS TOIMUB:<\/dt>\r\n\t<dd>\r\n\t\t<p><span class=\"green\">10. aprill &#8211; 22. mai 2017 \u2013<\/span> KOM komitee loomine, ol\u00fcmpiamaskoti konkurss (Ridala Pk), ol\u00fcmpiateemaliste luuletuste konkurss (Ridala Pk), kogutakse ol\u00fcmpias\u00e4rkide rahad (4\u20ac \u00f5pilaselt, 6\u20ac t\u00e4iskasvanult).<\/p>\r\n\r\n\t\t<p><span class=\"green\">11.-15. september \u2013<\/span> ol\u00fcmpian\u00e4dal (teadmised ol\u00fcmpiam\u00e4ngudest, osav\u00f5tvate riikide lippude valmistamine, ol\u00fcmpiaplakatid, ol\u00fcmpiateemaline viktoriin).<\/p>\r\n\r\n\t\t<p><span class=\"green\">13. september \u2013<\/span> Ridala lasteaia miniol\u00fcmpia keskmisele ja nooremale r\u00fchmale.<\/p>\r\n\t\t<p><span class=\"green\">14. september \u2013<\/span> ol\u00fcmpiam\u00e4ngude avamine nii nagu p\u00e4ris. OM tule toovad k\u00fcalisv\u00f5istlejad, toimub pidulik rongk\u00e4ik kooli l\u00e4hedalt pargist kooli\u00f5uele, kus toimub tule s\u00fc\u00fctamine ja avatseremoonia. Avamisel esinevad kooli parimad lauljad, deklamaatorid ja k\u00fclalisesinejad.<\/p>\r\n\r\n\t\t<p>Kohtumine ol\u00fcmpiav\u00f5itjaga v\u00f5i ol\u00fcmpial osalenuga (l\u00e4bir\u00e4\u00e4kimised Tiit Sokk \u2013 korvpallis 1988. a Souli ol\u00fcmpiav\u00f5itja).<\/p>\r\n\r\n\t\t<p>Algavad spordiv\u00f5istlused (individuaalalad). Edasij\u00f5udnutele individuaalaladeks klassikalised kergej\u00f5ustiku alad &#8211; mitmev\u00f5istlus (TV 10 Ol\u00fcmpiastarti punktitabeli p\u00f5hjal). F\u00fc\u00fcsiliselt v\u00e4hem v\u00f5imekatele kasutatakse projekti IAAF programmi \u201eL\u00f5bus kergej\u00f5ustik\u201d elemente.<\/p>\r\n\r\n\t\t<p><span class=\"green\">15. september \u2013<\/span> spordiv\u00f5istlused (v\u00f5istkondlikud alad). Iga kooliaste v\u00f5istleb kolmes j\u00f5ukohases sportm\u00e4ngus. M\u00e4ngudeks valitakse vastavalt vanusele korvpall, frisbi, laptuu, rahvastepall, jalgpall, l\u00f5busad teatem\u00e4ngud.<\/p>\r\n\r\n\t\t<p><span class=\"green\">15. september \u2013<\/span> autasustamine, m\u00e4ngude l\u00f5petamine.<\/p>\r\n\t<\/dd>\r\n<\/div>\r\n\r\n<div class=\"marg1\">\r\n<dt class=\"red\">KUS TOIMUB:<\/dt>\r\n\t<dd><p>M\u00e4ngud korraldatakse Ridala p\u00f5hikooli sportimispaikades ja v\u00e4ljakutel.<\/p><\/dd>\r\n<\/div>\r\n\r\n<div class=\"marg1\">\r\n<dt class=\"red\">OSAV\u00d5TJAD:<\/dt>\r\n\t<dd><p>Ridala p\u00f5hikooli k\u00f5ik \u00f5pilased (100), Ridala valla Uuem\u00f5isa algkooli \u00f5pilased (12) (kuuleliikmelised segav\u00f5istkonnad I-III ja IV-VI klassi grupis), Haapsalu Nikolai kooli VII-IX klassi \u00f5pilased (s\u00f5pruskool) (30), kooli vilistlased (15) ja Ridala lasteaed (25). KOKKU u 180 sportijat.<\/p><\/dd>\r\n<\/div>\r\n\r\n<div class=\"marg1\">\r\n<dt class=\"red\">V\u00d5ISTLUSKLASSID:<\/dt>\r\n\t<dd><p>V\u00f5istkonnaalades v\u00f5isteldakse kolmes grupis (I-III, IV-VI ja VII-IX). Individuaalades viis vanusegruppi, T ja P eraldi).<\/p><\/dd>\r\n<\/div>\r\n\r\n<div class=\"marg1\">\r\n<dt class=\"red\">AUTASUSTAMINE:<\/dt>\r\n\t<dd><p>K\u00f5ikidele osav\u00f5tjatele kooliol\u00fcmpia osav\u00f5tumedal. Spordiv\u00f5istluste I-III koha kolmele paremale ol\u00fcmpiamedal ja EOA diplom.  Konkursside v\u00f5itjatele ol\u00fcmpiamedal ja diplom.<\/p><\/dd>\r\n<\/div>\r\n\r\n<div class=\"marg1\">\r\n<dt class=\"red\">MAJANDAMINE:<\/dt>\r\n\t<dd><p>Ridala p\u00f5hikooli eelarvest. Toetab Ridala spordiklubi ja Ridala p\u00f5hikooli spordiklubi. Diplomitega toetab EOA.<\/p><\/dd>\r\n<\/div>\r\n\r\n<div class=\"marg1\">\r\n<dt class=\"red\">KORRALDAMINE:<\/dt>\r\n\t<dd><p>Kooliol\u00fcmpiam\u00e4nge aitavad korraldada \u00f5petajad ja teised kooli t\u00f6\u00f6tajad, vilistlased, lapsevanemad ja \u00f5pilaste kohtunikekogu.<\/p><\/dd>\r\n<\/div>\r\n\r\n<div class=\"marg1 centertext red\">\r\nOODATAKSE T\u00c4ISKASVANUD VABATAHTLIKKE, KES OLEKS N\u00d5US OLEMA SPORDIV\u00d5ISTLUSTEL KOHTUNIKUD! TEATADA TEL <a href=\"tel:56681860\">56681860<\/a> (P. Raudsepp).\r\n<\/div>\r\n\r\n<div style=\"height:350px; text-align:center;\">\r\n\r\n<div style=\"width:175px; height:300px; float:left;\" class=\"centertext grey\">\r\n\t<img decoding=\"async\" src=\"http:\/\/www.ridala.edu.ee\/wp\/wp-content\/uploads\/2017\/05\/maskott-175x300.png\" alt=\"Joosu\" class=\"foto250v\" \/> Joosu &#8211; Ridala P\u00f5hikooli I\u00a0Kooliol\u00fcmpiam\u00e4ngude maskott (2009)<\/div>\r\n\r\n<img decoding=\"async\" style=\"width:140px; height:auto;\" src=\"http:\/\/www.ridala.edu.ee\/wp\/wp-content\/uploads\/2013\/10\/EOA_logo_200x185.png\" alt=\"Eesti Ol\u00fcmpiaakadeemia\" \/>\r\n\r\n<div style=\"width:175px; height:300px; float:right;\" class=\"centertext grey\">\r\n\t<img decoding=\"async\" src=\"http:\/\/www.ridala.edu.ee\/wp\/wp-content\/uploads\/2017\/05\/maskott-2_155x251dpi.png\" alt=\"Roki\" class=\"foto250v\" \/> Roki &#8211; <a href=\"http:\/\/www.ridala.edu.ee\/wp\/?page_id=4767\">Ridala P\u00f5hikooli II\u00a0Kooliol\u00fcmpiam\u00e4ngude<\/a> maskott (2013)<\/div>\r\n\r\n<\/div>\r\n\r\n<hr \/>\r\n<div>Milve Viigand \u2013 Ridala Pk direktor, KOM president<\/div>\r\n<div>Pille Raudsepp \u2013 Ridala Pk kehalise kasvatuse \u00f5petaja<\/div>","protected":false},"excerpt":{"rendered":"EESM\u00c4RK: \u00d5ppida tundma ol\u00fcmpismi p\u00f5him\u00f5tteid ja neid j\u00e4rgides \u00f5ppida v\u00e4\u00e4rikalt v\u00f5itma ja kaotama. Tunda r\u00f5\u00f5mu sportlikust tegevusest ja koost\u00f6\u00f6st. Selgitada III kooliol\u00fcmpia v\u00f5itjad erinevates spordialades ja konkurssides. AEG ja MIS TOIMUB: 10. aprill &#8211; 22. mai 2017 \u2013 KOM komitee loomine, ol\u00fcmpiamaskoti konkurss (Ridala Pk), ol\u00fcmpiateemaliste luuletuste konkurss (Ridala Pk), kogutakse ol\u00fcmpias\u00e4rkide rahad (4\u20ac \u00f5pilaselt, [&hellip;]","protected":false},"author":2,"featured_media":0,"parent":11185,"menu_order":0,"comment_status":"closed","ping_status":"closed","template":"","meta":{"footnotes":""},"class_list":["post-11081","page","type-page","status-publish","hentry"],"_links":{"self":[{"href":"https:\/\/www.ridala.edu.ee\/wp\/wp-json\/wp\/v2\/pages\/11081","targetHints":{"allow":["GET"]}}],"collection":[{"href":"https:\/\/www.ridala.edu.ee\/wp\/wp-json\/wp\/v2\/pages"}],"about":[{"href":"https:\/\/www.ridala.edu.ee\/wp\/wp-json\/wp\/v2\/types\/page"}],"author":[{"embeddable":true,"href":"https:\/\/www.ridala.edu.ee\/wp\/wp-json\/wp\/v2\/users\/2"}],"replies":[{"embeddable":true,"href":"https:\/\/www.ridala.edu.ee\/wp\/wp-json\/wp\/v2\/comments?post=11081"}],"version-history":[{"count":51,"href":"https:\/\/www.ridala.edu.ee\/wp\/wp-json\/wp\/v2\/pages\/11081\/revisions"}],"predecessor-version":[{"id":11134,"href":"https:\/\/www.ridala.edu.ee\/wp\/wp-json\/wp\/v2\/pages\/11081\/revisions\/11134"}],"up":[{"embeddable":true,"href":"https:\/\/www.ridala.edu.ee\/wp\/wp-json\/wp\/v2\/pages\/11185"}],"wp:attachment":[{"href":"https:\/\/www.ridala.edu.ee\/wp\/wp-json\/wp\/v2\/media?parent=11081"}],"curies":[{"name":"wp","href":"https:\/\/api.w.org\/{rel}","templated":true}]}}