{"id":12353,"date":"2018-02-15T13:29:30","date_gmt":"2018-02-15T11:29:30","guid":{"rendered":"http:\/\/www.ridala.edu.ee\/wp\/?page_id=12353"},"modified":"2025-04-04T11:14:37","modified_gmt":"2025-04-04T08:14:37","slug":"symboolika","status":"publish","type":"page","link":"https:\/\/www.ridala.edu.ee\/wp\/kooli-andmed\/symboolika\/","title":{"rendered":"RIDALA KOOLI S\u00dcMBOOLIKA"},"content":{"rendered":"<h2 class=\"bold\">\r\n\tLOGO\r\n<\/h2>\r\n<p>\r\n\t<a href=\"https:\/\/www.ridala.edu.ee\/wp\/wp-content\/uploads\/2025\/01\/koolilogo_varv_g1_puhas.png\">\r\n\t\t<img decoding=\"async\" src=\"https:\/\/www.ridala.edu.ee\/wp\/wp-content\/uploads\/2025\/01\/koolilogo_varv_g1_puhas-300x300.png\" alt=\"\" class=\"foto250 aligncenter\" \/><\/a>\r\n<\/p>\r\n\r\n<p class=\"centertext\"><a href=\"https:\/\/www.ridala.edu.ee\/wp\/kooli-andmed\/symboolika\/logo\/\">Alternatiivsed versioonid ja failiformaadid PNG, SVG, PDF<\/a><\/p>\r\n\r\n<hr \/>\r\n\r\n<h2 class=\"bold\">\r\n\tRIDALA KOOLI LAUL\r\n<\/h2>\r\n<div  style=\"line-height:1.2em;\">\r\n\t<div class=\"italic smalltext pad1r marg1\">\r\n\t\t<div>Esmaesitlus Eesti Vabariigi 100. s\u00fcnnip\u00e4eva aktusel 23. veebruaril 2018. a<\/div>\r\n\t\t<div>Kingitus vabariigi s\u00fcnnip\u00e4evaks<\/div>\r\n\t<\/div>\r\n\t<div class=\"smalltext italic halfwidth righttext right pad1r\">\r\n\t\t<div>Viisi autor: muusika\u00f5petaja Anne P\u00e4\u00e4suke<\/div>\r\n\t\t<div>Laulu s\u00f5nad pani kokku eesti keele ja kirjanduse \u00f5petaja Tea Kesa 10 konkursile laekunud t\u00f6\u00f6 p\u00f5hjal:<\/div>\r\n\t\t<div>7. klass \u2013 Alexandre Valgem\u00e4e, lapsevanem Eve Valgem\u00e4e, 5. klass &#8211; Kleer Jaani, Mait Kalju, Jan-Mihkel Kreemann, Mario Peetris, Karmo P\u00f5llum\u00e4gi, Eliise Sildaru, Riin Tammet, Jarek Tenson<\/div>\r\n\t<\/div>\r\n<\/div>\r\n<div class=\"pad1r\">\r\n\t<ol>\r\n\t\t<li>\r\n\t\t\t<div>Meil ilus koolimaja,<\/div>\r\n\t\t\t<div>on Panga k\u00fclas siin.<\/div>\r\n\t\t\t<div>Vaid \u00f5ppida on vaja,<\/div>\r\n\t\t\t<div>see pole \u00fcldse piin.<\/div>\r\n\t\t\r\n\t\t\t<div class=\"marg1\">\r\n\t\t\t\tREF:\r\n\t\t\t\t<div class=\"pad1r italic\">\r\n\t\t\t\t\t<div>Me kool on teadmistemaa,<\/div>\r\n\t\t\t\t\t<div>et lapsed k\u00f5ik siin targaks saaks.<\/div>\r\n\t\t\t\t\t<div>Meil palju on s\u00f5pru h\u00e4id,<\/div>\r\n\t\t\t\t\t<div>hea, et ma siin koolis k\u00e4in.<\/div>\r\n\t\t\t\t<\/div>\r\n\t\t\t<\/div>\r\n\t\t<\/li>\r\n\t\t\r\n\t\t<li>\r\n\t\t\t<div>Me palju \u00f5pime<\/div>\r\n\t\t\t<div>ja teeme hoolsalt t\u00f6\u00f6d.<\/div>\r\n\t\t\t<div>Saab selgeks t\u00e4hestik<\/div>\r\n\t\t\t<div>ja numbririda pikk.<\/div>\r\n\t\t\r\n\t\t\t<div class=\"marg1\">\r\n\t\t\t\tREF:\r\n\t\t\t\t<div class=\"pad1r italic\">\r\n\t\t\t\t\t<div>Me kool on teadmistemaa,<\/div>\r\n\t\t\t\t\t<div>et lapsed k\u00f5ik siin targaks saaks.<\/div>\r\n\t\t\t\t\t<div>Meil palju on s\u00f5pru h\u00e4id,<\/div>\r\n\t\t\t\t\t<div>hea, et ma siin koolis k\u00e4in.<\/div>\r\n\t\t\t\t<\/div>\r\n\t\t\t<\/div>\r\n\t\t<\/li>\r\n\t\t\r\n\t\t<li>\r\n\t\t\t<div>Meil m\u00f5istvad \u00f5petajad,<\/div>\r\n\t\t\t<div>kuid n\u00f5udlikud on ka,<\/div>\r\n\t\t\t<div>nad teavad, mida vaja<\/div>\r\n\t\t\t<div>on elus osata.<\/div>\r\n\t\t\r\n\t\t\t<div class=\"marg1\">\r\n\t\t\t\tREF:\r\n\t\t\t\t<div class=\"pad1r italic\">\r\n\t\t\t\t\t<div>Me kool on teadmistemaa,<\/div>\r\n\t\t\t\t\t<div>et lapsed k\u00f5ik siin targaks saaks.<\/div>\r\n\t\t\t\t\t<div>Meil palju on s\u00f5pru h\u00e4id,<\/div>\r\n\t\t\t\t\t<div>hea, et ma siin koolis k\u00e4in.<\/div>\r\n\t\t\t\t<\/div>\r\n\t\t\t<\/div>\r\n\t\t<\/li>\r\n\t\t\r\n\t\t<li>\r\n\t\t\t<div>Me koolis laulu &#8211; tantsu<\/div>\r\n\t\t\t<div>ja sporti teha saab.<\/div>\r\n\t\t\t<div>On ikka vahvaid nalju,<\/div>\r\n\t\t\t<div>nii murest \u00fcle saab.<\/div>\r\n\t\t\r\n\t\t\t<div class=\"marg1\">\r\n\t\t\t\tREF:\r\n\t\t\t\t<div class=\"pad1r italic\">\r\n\t\t\t\t\t<div>Me kool on teadmistemaa,<\/div>\r\n\t\t\t\t\t<div>et lapsed k\u00f5ik siin targaks saaks.<\/div>\r\n\t\t\t\t\t<div>Meil palju on s\u00f5pru h\u00e4id,<\/div>\r\n\t\t\t\t\t<div>hea, et ma siin koolis k\u00e4in.<\/div>\r\n\t\t\t\t<\/div>\r\n\t\t\t<\/div>\r\n\t\t<\/li>\r\n\t<\/ol>\r\n<\/div>\r\n\r\n<div id=\"video\">\r\n\t<iframe style=\"width:500px; height:281px; padding:20px 0px;\" src=\"https:\/\/www.youtube.com\/embed\/4gYwRQ92ekU\" frameborder=\"0\" allow=\"autoplay; encrypted-media\" allowfullscreen><\/iframe>\r\n\t\r\n\t<iframe style=\"width:500px; height:281px; padding:20px 0px;\" src=\"https:\/\/www.youtube.com\/embed\/YDQooIkcOic\" frameborder=\"0\" allow=\"autoplay; encrypted-media\" allowfullscreen><\/iframe>\r\n<\/div>","protected":false},"excerpt":{"rendered":"LOGO Alternatiivsed versioonid ja failiformaadid PNG, SVG, PDF RIDALA KOOLI LAUL Esmaesitlus Eesti Vabariigi 100. s\u00fcnnip\u00e4eva aktusel 23. veebruaril 2018. a Kingitus vabariigi s\u00fcnnip\u00e4evaks Viisi autor: muusika\u00f5petaja Anne P\u00e4\u00e4suke Laulu s\u00f5nad pani kokku eesti keele ja kirjanduse \u00f5petaja Tea Kesa 10 konkursile laekunud t\u00f6\u00f6 p\u00f5hjal: 7. klass \u2013 Alexandre Valgem\u00e4e, lapsevanem Eve Valgem\u00e4e, 5. klass [&hellip;]","protected":false},"author":2,"featured_media":0,"parent":3745,"menu_order":0,"comment_status":"closed","ping_status":"closed","template":"","meta":{"footnotes":""},"class_list":["post-12353","page","type-page","status-publish","hentry"],"_links":{"self":[{"href":"https:\/\/www.ridala.edu.ee\/wp\/wp-json\/wp\/v2\/pages\/12353","targetHints":{"allow":["GET"]}}],"collection":[{"href":"https:\/\/www.ridala.edu.ee\/wp\/wp-json\/wp\/v2\/pages"}],"about":[{"href":"https:\/\/www.ridala.edu.ee\/wp\/wp-json\/wp\/v2\/types\/page"}],"author":[{"embeddable":true,"href":"https:\/\/www.ridala.edu.ee\/wp\/wp-json\/wp\/v2\/users\/2"}],"replies":[{"embeddable":true,"href":"https:\/\/www.ridala.edu.ee\/wp\/wp-json\/wp\/v2\/comments?post=12353"}],"version-history":[{"count":53,"href":"https:\/\/www.ridala.edu.ee\/wp\/wp-json\/wp\/v2\/pages\/12353\/revisions"}],"predecessor-version":[{"id":19758,"href":"https:\/\/www.ridala.edu.ee\/wp\/wp-json\/wp\/v2\/pages\/12353\/revisions\/19758"}],"up":[{"embeddable":true,"href":"https:\/\/www.ridala.edu.ee\/wp\/wp-json\/wp\/v2\/pages\/3745"}],"wp:attachment":[{"href":"https:\/\/www.ridala.edu.ee\/wp\/wp-json\/wp\/v2\/media?parent=12353"}],"curies":[{"name":"wp","href":"https:\/\/api.w.org\/{rel}","templated":true}]}}