{"id":13220,"date":"2018-10-16T15:32:45","date_gmt":"2018-10-16T12:32:45","guid":{"rendered":"http:\/\/www.ridala.edu.ee\/wp\/?page_id=13220"},"modified":"2018-10-16T16:16:13","modified_gmt":"2018-10-16T13:16:13","slug":"igal_lapsel_oma_pill","status":"publish","type":"page","link":"https:\/\/www.ridala.edu.ee\/wp\/koolielu\/oppetoo\/projektid\/igal_lapsel_oma_pill\/","title":{"rendered":"EV100 \u00fchiskingitus \u201eIgal lapsel oma pill\u201c trommustrummid Ridala P\u00f5hikooli lasteaeda"},"content":{"rendered":"<a href=\"https:\/\/www.ev100.ee\/et\/igal-lapsel-oma-pill\" title=\"'Igal Lapsel Oma Pill' projekt\"><img loading=\"lazy\" decoding=\"async\" width=\"300\" height=\"195\" src=\"http:\/\/www.ridala.edu.ee\/wp\/wp-content\/uploads\/2018\/10\/igal_lapsel_cmyk2-300x195.jpg\" alt=\"'Igal Lapsel Oma Pill' logo\" class=\"aligncenter size-medium wp-image-13188\" style=\"width:4.5cm; height:auto;\" srcset=\"https:\/\/www.ridala.edu.ee\/wp\/wp-content\/uploads\/2018\/10\/igal_lapsel_cmyk2-300x195.jpg 300w, https:\/\/www.ridala.edu.ee\/wp\/wp-content\/uploads\/2018\/10\/igal_lapsel_cmyk2-768x499.jpg 768w, https:\/\/www.ridala.edu.ee\/wp\/wp-content\/uploads\/2018\/10\/igal_lapsel_cmyk2-1024x665.jpg 1024w, https:\/\/www.ridala.edu.ee\/wp\/wp-content\/uploads\/2018\/10\/igal_lapsel_cmyk2.jpg 1200w\" sizes=\"auto, (max-width: 300px) 100vw, 300px\" \/><\/a>\r\n\r\n<h3 style=\"font-weight: bold; margin-bottom:0px;\">EV100 \u00fchiskingitus \u201eIgal lapsel oma pill\u201c t\u00f5i Ridala P\u00f5hikooli lasteaeda 16 trommustrummi<\/h3>\r\n<p style=\"margin-top: 0px; margin-bottom:2em;\">(09.04.2018 \u2013 31.10.2018)<\/p>\r\n\r\n<a href=\"http:\/\/www.ridala.edu.ee\/wp\/wp-content\/uploads\/2018\/10\/trommustrummid.jpg\"><img loading=\"lazy\" decoding=\"async\" width=\"300\" height=\"225\" src=\"http:\/\/www.ridala.edu.ee\/wp\/wp-content\/uploads\/2018\/10\/trommustrummid-300x225.jpg\" alt=\"Trommustrummid lasteaias\" class=\"foto250 alignright size-medium wp-image-13228\" srcset=\"https:\/\/www.ridala.edu.ee\/wp\/wp-content\/uploads\/2018\/10\/trommustrummid-300x225.jpg 300w, https:\/\/www.ridala.edu.ee\/wp\/wp-content\/uploads\/2018\/10\/trommustrummid-768x576.jpg 768w, https:\/\/www.ridala.edu.ee\/wp\/wp-content\/uploads\/2018\/10\/trommustrummid-1024x768.jpg 1024w, https:\/\/www.ridala.edu.ee\/wp\/wp-content\/uploads\/2018\/10\/trommustrummid.jpg 1440w\" sizes=\"auto, (max-width: 300px) 100vw, 300px\" \/><\/a>\r\n\r\n<p>Ridala P\u00f5hikooli lasteaialastele ja 1. klassi \u00f5pilastele avanes 2018. a esimesest septembrist tore v\u00f5imalus \u00f5ppida trummim\u00e4ngu. T\u00e4nu Eesti Muusikakoolide Liit MT\u00dc \u00fchiskingituse EV100 \u201eIgal lapsel oma pill\u201d toetusele (560,00 \u20ac) ja omaosalusele (200,00 \u20ac) ostis Ridala P\u00f5hikooli lasteaed endale uhked ja uued trommustrummid (E2u ja E1u). Kokku on meil lasteaias n\u00fc\u00fcd 16 trummi. \u00d5petaja Miranda Klaij juhendamisel toimuvad trummi\u00f5ppe tunnid keskmise ja vanema r\u00fchma lastele 1 kord n\u00e4dalas, kuid trummim\u00e4ngu l\u00f5imitakse ka teistesse lasteaia tegemistesse. T\u00e4htis koht on trummim\u00e4ngul lasteaia muusikatundides, sest see oli ju muusika\u00f5petaja Raidi Sanniku vahva idee muusikatundide mitmekesistamiseks ja lastele trummi\u00f5ppetundide organiseerimiseks.<\/p>\r\n<p>Esinemisv\u00f5imalustest puudust ei ole \u2013 tulemas on advendikontsert, j\u00f5ulupeod, erinevad kooli- ja kogukonna\u00fcritused.<\/p>\r\n<p>Toreda vaheldusena said ka meie kooli ERASMUS+ projektis osalevate riikide koordinaatorid osaleda \u00fches trummi\u00f5ppe tunnis ja arvatavasti ka v\u00e4ikese trummi\u00f5ppepisiku kodukoolidesse kaasa v\u00f5tmiseks.<\/p>\r\n<p>Projektijuht: direktor Milve Viigand<\/p>","protected":false},"excerpt":{"rendered":"EV100 \u00fchiskingitus \u201eIgal lapsel oma pill\u201c t\u00f5i Ridala P\u00f5hikooli lasteaeda 16 trommustrummi (09.04.2018 \u2013 31.10.2018) Ridala P\u00f5hikooli lasteaialastele ja 1. klassi \u00f5pilastele avanes 2018. a esimesest septembrist tore v\u00f5imalus \u00f5ppida trummim\u00e4ngu. T\u00e4nu Eesti Muusikakoolide Liit MT\u00dc \u00fchiskingituse EV100 \u201eIgal lapsel oma pill\u201d toetusele (560,00 \u20ac) ja omaosalusele (200,00 \u20ac) ostis Ridala P\u00f5hikooli lasteaed endale uhked [&hellip;]","protected":false},"author":2,"featured_media":0,"parent":4765,"menu_order":0,"comment_status":"closed","ping_status":"closed","template":"","meta":{"footnotes":""},"class_list":["post-13220","page","type-page","status-publish","hentry"],"_links":{"self":[{"href":"https:\/\/www.ridala.edu.ee\/wp\/wp-json\/wp\/v2\/pages\/13220","targetHints":{"allow":["GET"]}}],"collection":[{"href":"https:\/\/www.ridala.edu.ee\/wp\/wp-json\/wp\/v2\/pages"}],"about":[{"href":"https:\/\/www.ridala.edu.ee\/wp\/wp-json\/wp\/v2\/types\/page"}],"author":[{"embeddable":true,"href":"https:\/\/www.ridala.edu.ee\/wp\/wp-json\/wp\/v2\/users\/2"}],"replies":[{"embeddable":true,"href":"https:\/\/www.ridala.edu.ee\/wp\/wp-json\/wp\/v2\/comments?post=13220"}],"version-history":[{"count":10,"href":"https:\/\/www.ridala.edu.ee\/wp\/wp-json\/wp\/v2\/pages\/13220\/revisions"}],"predecessor-version":[{"id":13232,"href":"https:\/\/www.ridala.edu.ee\/wp\/wp-json\/wp\/v2\/pages\/13220\/revisions\/13232"}],"up":[{"embeddable":true,"href":"https:\/\/www.ridala.edu.ee\/wp\/wp-json\/wp\/v2\/pages\/4765"}],"wp:attachment":[{"href":"https:\/\/www.ridala.edu.ee\/wp\/wp-json\/wp\/v2\/media?parent=13220"}],"curies":[{"name":"wp","href":"https:\/\/api.w.org\/{rel}","templated":true}]}}