{"id":17141,"date":"2021-11-09T15:01:14","date_gmt":"2021-11-09T13:01:14","guid":{"rendered":"https:\/\/www.ridala.edu.ee\/wp\/?page_id=17141"},"modified":"2025-01-08T10:13:23","modified_gmt":"2025-01-08T08:13:23","slug":"sport-koolis","status":"publish","type":"page","link":"https:\/\/www.ridala.edu.ee\/wp\/koolielu\/oppetoo\/projektid\/sport-koolis\/","title":{"rendered":"Eesti Ol\u00fcmpiakomitee pilootprojekt &#8220;SPORT KOOLIS&#8221;"},"content":{"rendered":"<a href=\"https:\/\/www.ridala.edu.ee\/wp\/wp-content\/uploads\/2021\/11\/Sport-Koolis-logo-2021.jpg\"><img loading=\"lazy\" decoding=\"async\" width=\"600\" height=\"380\" src=\"https:\/\/www.ridala.edu.ee\/wp\/wp-content\/uploads\/2021\/11\/Sport-Koolis-logo-2021.jpg\" alt=\"\" class=\"foto250v aligncenter size-full wp-image-17148\" srcset=\"https:\/\/www.ridala.edu.ee\/wp\/wp-content\/uploads\/2021\/11\/Sport-Koolis-logo-2021.jpg 600w, https:\/\/www.ridala.edu.ee\/wp\/wp-content\/uploads\/2021\/11\/Sport-Koolis-logo-2021-300x190.jpg 300w\" sizes=\"auto, (max-width: 600px) 100vw, 600px\" \/><\/a>\r\n\r\n<a href=\"https:\/\/www.ridala.edu.ee\/wp\/wp-content\/uploads\/2021\/11\/Estonian_Olympic_Committee_logo.svg\"><img decoding=\"async\" src=\"https:\/\/www.ridala.edu.ee\/wp\/wp-content\/uploads\/2021\/11\/Estonian_Olympic_Committee_logo.svg\" alt=\"\" class=\"foto150 alignright size-medium wp-image-17143\" \/><\/a>\r\n\r\n<p>Juba neljandat \u00f5ppeaastat viiakse Ridala P\u00f5hikoolis l\u00e4bi Eesti Ol\u00fcmpiakomitee poolt k\u00e4ivitatud projekti \u201eSport Koolis\u201d. Alustasime \u00f5ppeaastal 2021\/2022.<\/p>\r\n\r\n<p>\u201eSport Koolis\u201d projekti raames on 1. ja 2. klassi \u00f5pilastel v\u00f5imalus proovida kvalifitseeritud treenerite k\u00e4e all erinevaid spordialasid.<\/p>\r\n\r\n<dt>Pilootprojekti eesm\u00e4rk:<\/dt>\r\n<ul>\r\n\t<li>luua eeldused selleks, et k\u00f5ikidel lastel kujuneks sisemine vajadus ja harjumus sportida ja liikuda;<\/li>\r\n\t<li>tutvustada esimeste klasside \u00f5pilastele v\u00f5imalikult palju erinevaid spordialasid ning toetada mitmek\u00fclgsete liikumisoskuste kujunemist;<\/li>\r\n\t<li>suurendada laste kehalist aktiivsust.<\/li>\r\n<\/ul>\r\n\r\n<dt>Pilootprojekti tegevused k\u00e4esoleval \u00f5ppeaastal:<\/dt>\r\n<ul>\r\n\t<li>\u00d5pilastele on koostatud tasakaalustatud p\u00e4evakava, millesse on l\u00f5imitud lisaks \u00f5ppimisele ka liikumis- ja sporditegevused.<\/li>\r\n\t<li>K\u00f5ikidel 1. ja 2. klassi \u00f5pilastel on lisaks kehalise kasvatuse tundidele j\u00e4rgmised sportlikud tegevused kvalifitseeritud treenerite juhendamisel:\r\n\t\t<ul class=\"bubble\">\r\n\t\t\t<li>v\u00f5rkpall \u2013 treener Meelis Nukki (1 tund n\u00e4dalas);<\/li>\r\n\t\t\t<li>korvpall \u2013 treener Mikk P\u00e4eske (1 tund n\u00e4dalas);<\/li>\r\n\t\t\t<li><span class=\"strikethrough\">tennis \u2013 treener Andres N\u00f5mtak (1 tund n\u00e4dalas).<\/span><span class=\"smalltext\">(l\u00f5ppes 2024 detsembri seisuga)<\/span><\/li>\r\n\t\t<\/ul>\r\n<\/ul>\r\n\r\n<hr \/>\r\n<div>Milve Viigand<\/div>\r\n<div>direktor<\/div>","protected":false},"excerpt":{"rendered":"Juba neljandat \u00f5ppeaastat viiakse Ridala P\u00f5hikoolis l\u00e4bi Eesti Ol\u00fcmpiakomitee poolt k\u00e4ivitatud projekti \u201eSport Koolis\u201d. Alustasime \u00f5ppeaastal 2021\/2022. \u201eSport Koolis\u201d projekti raames on 1. ja 2. klassi \u00f5pilastel v\u00f5imalus proovida kvalifitseeritud treenerite k\u00e4e all erinevaid spordialasid. Pilootprojekti eesm\u00e4rk: luua eeldused selleks, et k\u00f5ikidel lastel kujuneks sisemine vajadus ja harjumus sportida ja liikuda; tutvustada esimeste klasside \u00f5pilastele [&hellip;]","protected":false},"author":2,"featured_media":0,"parent":4765,"menu_order":0,"comment_status":"closed","ping_status":"closed","template":"","meta":{"footnotes":""},"class_list":["post-17141","page","type-page","status-publish","hentry"],"_links":{"self":[{"href":"https:\/\/www.ridala.edu.ee\/wp\/wp-json\/wp\/v2\/pages\/17141","targetHints":{"allow":["GET"]}}],"collection":[{"href":"https:\/\/www.ridala.edu.ee\/wp\/wp-json\/wp\/v2\/pages"}],"about":[{"href":"https:\/\/www.ridala.edu.ee\/wp\/wp-json\/wp\/v2\/types\/page"}],"author":[{"embeddable":true,"href":"https:\/\/www.ridala.edu.ee\/wp\/wp-json\/wp\/v2\/users\/2"}],"replies":[{"embeddable":true,"href":"https:\/\/www.ridala.edu.ee\/wp\/wp-json\/wp\/v2\/comments?post=17141"}],"version-history":[{"count":22,"href":"https:\/\/www.ridala.edu.ee\/wp\/wp-json\/wp\/v2\/pages\/17141\/revisions"}],"predecessor-version":[{"id":19385,"href":"https:\/\/www.ridala.edu.ee\/wp\/wp-json\/wp\/v2\/pages\/17141\/revisions\/19385"}],"up":[{"embeddable":true,"href":"https:\/\/www.ridala.edu.ee\/wp\/wp-json\/wp\/v2\/pages\/4765"}],"wp:attachment":[{"href":"https:\/\/www.ridala.edu.ee\/wp\/wp-json\/wp\/v2\/media?parent=17141"}],"curies":[{"name":"wp","href":"https:\/\/api.w.org\/{rel}","templated":true}]}}