{"id":4767,"date":"2013-09-03T10:46:46","date_gmt":"2013-09-03T07:46:46","guid":{"rendered":"http:\/\/www.ridala.edu.ee\/wp\/?page_id=4767"},"modified":"2017-05-17T09:32:54","modified_gmt":"2017-05-17T06:32:54","slug":"ridala-pohikooli-ii-olumpiamangud","status":"publish","type":"page","link":"https:\/\/www.ridala.edu.ee\/wp\/koolielu\/oppetoo\/projektid\/ridala-pohikooli-ii-olumpiamangud\/","title":{"rendered":"RIDALA P\u00d5HIKOOLI II OL\u00dcMPIAM\u00c4NGUD"},"content":{"rendered":"<ol>\r\n    <li><a href=\"http:\/\/www.ridala.edu.ee\/wp\/?page_id=4772\" title=\"PROGRAMM\">PROGRAMM<\/a><\/li>\r\n    <li><a href=\"http:\/\/www.ridala.edu.ee\/wp\/?page_id=4812\" title=\"RIDALA PK II OL\u00dcMPIM\u00c4NGUDE V\u00d5ISTLUSTE KIRJELDUSED\">V\u00d5ISTLUSTE KIRJELDUSED<\/a><\/li>\r\n    <li><a href=\"http:\/\/www.ridala.edu.ee\/wp\/?page_id=4857\" title=\"MASKOTT\">MASKOTT<\/a><\/li>\r\n    <li><a href=\"http:\/\/www.ridala.edu.ee\/wp\/?page_id=4917\" title=\"Ol\u00fcmpiam\u00e4ngude kokkuv\u00f5te\">Ridala P\u00f5hikooli II Ol\u00fcmpiam\u00e4ngude kokkuv\u00f5te<\/a><\/li>\r\n    <li><a href=\"http:\/\/www.ridala.edu.ee\/wp\/?page_id=4997\" title=\"Spordiv\u00f5istluste kirjeldused ja tulemused\">SPORDIV\u00d5ISTLUSTE KIRJELDUSED JA TULEMUSED<\/a><\/li>\r\n    <li><div>EOA sertifikaat ol\u00fcmpiam\u00e4ngude l\u00e4biviimise kohta<\/div>\r\n    \r\n    <div style=\"width:auto; text-align:center; float:left !important; border:1px solid blue; margin:3px;\"><a href=\"http:\/\/www.ridala.edu.ee\/wp\/wp-content\/uploads\/2013\/09\/EOA-sertifikaat-1060x1500.jpg\" width=\"106px\"><div class=\"smalltext\">jpg<\/div><img decoding=\"async\" src=\"http:\/\/www.ridala.edu.ee\/wp\/wp-content\/uploads\/2013\/09\/EOA_sertifikaat_th.jpg\" alt=\"EOA sertifikaat\" style=\"width:106px; padding:3px;\" \/><\/a><\/div>\r\n    \r\n    <div style=\"width:auto; text-align:center; float:left !important; border:1px solid blue; margin:3px;\"><a href=\"http:\/\/www.ridala.edu.ee\/wp\/wp-content\/uploads\/2013\/09\/EOA-sertifikaat.pdf\"><div class=\"smalltext\">pdf<\/div><img decoding=\"async\" src=\"http:\/\/www.ridala.edu.ee\/wp\/wp-content\/uploads\/2013\/09\/EOA_sertifikaat_th.jpg\" alt=\"EOA sertifikaat\" style=\"width:106px; padding:3px;\" \/><\/a><\/div>\r\n    <\/li>\r\n<\/ol>\r\n\r\n","protected":false},"excerpt":{"rendered":"PROGRAMM V\u00d5ISTLUSTE KIRJELDUSED MASKOTT Ridala P\u00f5hikooli II Ol\u00fcmpiam\u00e4ngude kokkuv\u00f5te SPORDIV\u00d5ISTLUSTE KIRJELDUSED JA TULEMUSED EOA sertifikaat ol\u00fcmpiam\u00e4ngude l\u00e4biviimise kohta jpg pdf","protected":false},"author":2,"featured_media":0,"parent":4765,"menu_order":0,"comment_status":"closed","ping_status":"closed","template":"","meta":{"footnotes":""},"class_list":["post-4767","page","type-page","status-publish","hentry"],"_links":{"self":[{"href":"https:\/\/www.ridala.edu.ee\/wp\/wp-json\/wp\/v2\/pages\/4767","targetHints":{"allow":["GET"]}}],"collection":[{"href":"https:\/\/www.ridala.edu.ee\/wp\/wp-json\/wp\/v2\/pages"}],"about":[{"href":"https:\/\/www.ridala.edu.ee\/wp\/wp-json\/wp\/v2\/types\/page"}],"author":[{"embeddable":true,"href":"https:\/\/www.ridala.edu.ee\/wp\/wp-json\/wp\/v2\/users\/2"}],"replies":[{"embeddable":true,"href":"https:\/\/www.ridala.edu.ee\/wp\/wp-json\/wp\/v2\/comments?post=4767"}],"version-history":[{"count":9,"href":"https:\/\/www.ridala.edu.ee\/wp\/wp-json\/wp\/v2\/pages\/4767\/revisions"}],"predecessor-version":[{"id":11077,"href":"https:\/\/www.ridala.edu.ee\/wp\/wp-json\/wp\/v2\/pages\/4767\/revisions\/11077"}],"up":[{"embeddable":true,"href":"https:\/\/www.ridala.edu.ee\/wp\/wp-json\/wp\/v2\/pages\/4765"}],"wp:attachment":[{"href":"https:\/\/www.ridala.edu.ee\/wp\/wp-json\/wp\/v2\/media?parent=4767"}],"curies":[{"name":"wp","href":"https:\/\/api.w.org\/{rel}","templated":true}]}}