{"id":882,"date":"2010-04-20T13:17:05","date_gmt":"2010-04-20T10:17:05","guid":{"rendered":"http:\/\/www.ridala.edu.ee\/wp\/?page_id=882"},"modified":"2026-03-10T13:04:38","modified_gmt":"2026-03-10T11:04:38","slug":"hoolekogu","status":"publish","type":"page","link":"https:\/\/www.ridala.edu.ee\/wp\/hoolekogu\/","title":{"rendered":"Hoolekogu"},"content":{"rendered":"<hr \/>\r\n\r\n<table border=\"0\" cellspacing=\"0\" cellpadding=\"3\" style=\"border-collapse:collapse; width:100%;\">\r\n\t<colgroup>\r\n\t\t<col width=\"40%\" \/>\r\n\t\t<col width=\"60%\" \/>\r\n\t<\/colgroup>\r\n\t\r\n\t<tbody style=\"vertical-align:top; text-align:left;\">\r\n\t\t<tr>\r\n\t\t\t<th colspan=\"2\" style=\"font-size:1.15em;\">\r\n\t\t\tRidala P\u00f5hikooli hoolekogu koosseis alates 12. nov 2025.\u00a0a\r\n\t\t\t<\/th>\r\n\t\t<\/tr>\r\n\t\t<tr>\r\n\t\t\t<th>Lastevanemate esindajad<\/th>\r\n\t\t\t<td>\r\n\t\t\t\tPiret Hill <span class=\"smalltext\">(lasteaed ja kool)<\/span>, <span class=\"bold\">hoolekogu juhatuse aseesinaine<\/span><br \/>\r\n\t\t\t\tKatre Kalamees <span class=\"smalltext\">(lasteaed)<\/span><br \/>\r\n\t\t\t\tMadli Kallas <span class=\"smalltext\">(kool)<\/span>, <span class=\"bold\">hoolekogu juhatuse protokollija<\/span><br \/>\r\n\t\t\t\tLiis Matteus <span class=\"smalltext\">(kool)<\/span>, <span class=\"bold\">hoolekogu juhatuse esinaine<\/span><br \/>\r\n\t\t\t\tTiina Paemaa <span class=\"smalltext\">(lasteaed)<\/span><br \/>\r\n\t\t\t\tEvelyn Targamaa <span class=\"smalltext\">(kool)<\/span><br \/>\r\n\r\n\t\t\t<\/td>\r\n\t\t<\/tr>\r\n\t\t<tr>\r\n\t\t\t<th>Vilistlaste esindaja<\/th>\r\n\t\t\t<td>\r\n\t\t\tMaarja Magnus\r\n\t\t\t<\/td>\r\n\t\t<\/tr>\r\n\t\t<tr>\r\n\t\t\t<th>Kooli \u00f5ppen\u00f5ukogu esindaja<\/th>\r\n\t\t\t<td>Kersti Arov<\/td>\r\n\t\t<\/tr>\r\n\t\t<tr>\r\n\t\t\t<th>Lasteaia \u00f5ppen\u00f5ukogu esindaja<\/th>\r\n\t\t\t<td>Kati Vidrik<\/td>\r\n\t\t<\/tr>\r\n\t\t<tr>\r\n\t\t\t<th>Haridust toetava organisatsiooni esindaja<\/th>\r\n\t\t\t<td>Jaanika Miller<\/td>\r\n\t\t<\/tr>\r\n\t\t<tr>\r\n\t\t\t<th>Kooli pidaja esindaja<\/th>\r\n\t\t\t<td>Mari-Epp T\u00e4ht<\/td>\r\n\t\t<\/tr>\r\n\t\t\t\r\n\t<\/tbody>\r\n<\/table>\r\n\r\n<hr \/>\r\n\r\n<p><strong>Hoolekogu t\u00f6\u00f6d reguleerib<\/strong>: <a href=\"https:\/\/www.riigiteataja.ee\/akt\/428102025005?leiaKehtiv\" title=\"dokument Riigi Teatajas\" rel=\"noopener\" target=\"_blank\">Haapsalu linna munitsipaalharidusasutuste hoolekogude moodustamise kord ja t\u00f6\u00f6kord<\/a> <span class=\"smalltext grey\">(m\u00e4\u00e4rus nr 4, 22.10.2025)<\/span><\/p>\r\n\r\n<hr \/><hr \/>\r\n\r\n<p class=\"bold\">Toimunud koosolekute protokollid:<\/p>\r\n<div>\r\n\t<p class=\"bold\">2025\/2026. \u00f5a<\/p>\r\n\t<ul>\r\n\t\t<li>\r\n\t\t\t<a href=\"https:\/\/www.ridala.edu.ee\/wp\/wp-content\/uploads\/2026\/02\/Hoolekogu_koosolek_02.02.2026.asice\">Ridala P\u00f5hikooli hoolekogu koosoleku prot nr 1, 02.02.2026<\/a>\r\n\t\t<\/li>\r\n\t\t<li>\r\n\t\t\t<a href=\"https:\/\/www.ridala.edu.ee\/wp\/wp-content\/uploads\/2026\/03\/Hoolekogu_koosolek_04.03.2026.asice\">Ridala P\u00f5hikooli hoolekogu koosoleku prot nr 2, 04.03.2026<\/a>\r\n\t\t<\/li>\r\n\t<\/ul>\r\n\t\r\n\t<p class=\"bold\">2024\/2025. \u00f5a<\/p>\r\n\t<ul>\r\n\t\t<li>\r\n\t\t\t<a href=\"https:\/\/www.ridala.edu.ee\/wp\/wp-content\/uploads\/2024\/12\/Ridala-PK-hoolekogu-koosoleku-prot-nr-1-14.11.2024.pdf\">Ridala P\u00f5hikooli hoolekogu koosoleku prot nr 1, 14.11.2024<\/a>\r\n\t\t<\/li>\r\n\t\t<li>\r\n\t\t\t<a href=\"https:\/\/www.ridala.edu.ee\/wp\/wp-content\/uploads\/2025\/04\/Ridala-Pohikooli-hoolekogu-koosoleku-protokoll-nr-2-06.03.2025.pdf\">Ridala Po\u0303hikooli hoolekogu koosoleku prot nr 2, 06.03.2025<\/a>\r\n\t\t<\/li>\r\n\t\t<li>\r\n\t\t\t<a href=\"https:\/\/www.ridala.edu.ee\/wp\/wp-content\/uploads\/2025\/04\/Ridala-Pohikooli-hoolekogu-koosoleku-protokoll-nr-3-09.04.2025.pdf\">Ridala Po\u0303hikooli hoolekogu koosoleku prot nr 3, 09.04.2025<\/a>\r\n\t\t<\/li>\r\n\t<\/ul>\r\n<\/div>","protected":false},"excerpt":{"rendered":"Ridala P\u00f5hikooli hoolekogu koosseis alates 12. nov 2025.\u00a0a Lastevanemate esindajad Piret Hill (lasteaed ja kool), hoolekogu juhatuse aseesinaine Katre Kalamees (lasteaed) Madli Kallas (kool), hoolekogu juhatuse protokollija Liis Matteus (kool), hoolekogu juhatuse esinaine Tiina Paemaa (lasteaed) Evelyn Targamaa (kool) Vilistlaste esindaja Maarja Magnus Kooli \u00f5ppen\u00f5ukogu esindaja Kersti Arov Lasteaia \u00f5ppen\u00f5ukogu esindaja Kati Vidrik Haridust toetava [&hellip;]","protected":false},"author":3,"featured_media":0,"parent":0,"menu_order":18,"comment_status":"closed","ping_status":"open","template":"","meta":{"footnotes":""},"class_list":["post-882","page","type-page","status-publish","hentry"],"_links":{"self":[{"href":"https:\/\/www.ridala.edu.ee\/wp\/wp-json\/wp\/v2\/pages\/882","targetHints":{"allow":["GET"]}}],"collection":[{"href":"https:\/\/www.ridala.edu.ee\/wp\/wp-json\/wp\/v2\/pages"}],"about":[{"href":"https:\/\/www.ridala.edu.ee\/wp\/wp-json\/wp\/v2\/types\/page"}],"author":[{"embeddable":true,"href":"https:\/\/www.ridala.edu.ee\/wp\/wp-json\/wp\/v2\/users\/3"}],"replies":[{"embeddable":true,"href":"https:\/\/www.ridala.edu.ee\/wp\/wp-json\/wp\/v2\/comments?post=882"}],"version-history":[{"count":38,"href":"https:\/\/www.ridala.edu.ee\/wp\/wp-json\/wp\/v2\/pages\/882\/revisions"}],"predecessor-version":[{"id":20504,"href":"https:\/\/www.ridala.edu.ee\/wp\/wp-json\/wp\/v2\/pages\/882\/revisions\/20504"}],"wp:attachment":[{"href":"https:\/\/www.ridala.edu.ee\/wp\/wp-json\/wp\/v2\/media?parent=882"}],"curies":[{"name":"wp","href":"https:\/\/api.w.org\/{rel}","templated":true}]}}